{"id":1345,"date":"2018-09-19T12:33:32","date_gmt":"2018-09-19T12:33:32","guid":{"rendered":"http:\/\/law-firm.bold-themes.com\/master-import\/?page_id=1345"},"modified":"2025-11-01T22:13:06","modified_gmt":"2025-11-01T21:13:06","slug":"cenik","status":"publish","type":"page","link":"https:\/\/koucovani-terapie.cz\/cs\/cenik\/","title":{"rendered":"Cen\u00edk"},"content":{"rendered":"<p><section id=\"bt_bb_section69e32329ed275\" class=\"bt_bb_section bt_bb_color_scheme_1 bt_bb_layout_boxed_1200 bt_bb_vertical_align_top bt_bb_bottom_section_coverage_image bt_bb_section_with_bottom_coverage_image bt_bb_top_spacing_large\" style=\"; --section-primary-color:#ffffff; --section-secondary-color:#1d1e21;\" data-bt-override-class=\"null\"><div class=\"bt_bb_background_image_holder_wrapper\"><div class=\"bt_bb_background_image_holder btLazyLoadBackground bt_bb_parallax\"  data-background_image_src=\"https:\/\/koucovani-terapie.cz\/cs\/wp-content\/uploads\/2021\/08\/hero_about.jpg\" data-parallax=\"0.6\" data-parallax-offset=\"0\" data-parallax-zoom-start=\"1\" data-parallax-zoom-end=\"1\" data-parallax-blur-start=\"0\" data-parallax-blur-end=\"0\" data-parallax-opacity-start=\"1\" data-parallax-opacity-end=\"1\" style=\" background-image: url(&#039;https:\/\/koucovani-terapie.cz\/cs\/wp-content\/plugins\/bold-page-builder\/img\/blank.gif&#039;);\"><\/div><\/div><div class=\"bt_bb_port\"><div class=\"bt_bb_cell\"><div class=\"bt_bb_cell_inner\"><div class=\"bt_bb_row \"  data-bt-override-class=\"{}\"><div class=\"bt_bb_row_holder\" ><div  class=\"bt_bb_column col-xxl-6 col-xl-6 col-xs-12 col-sm-11 col-md-8 col-lg-6 bt_bb_vertical_align_middle bt_bb_align_left bt_bb_padding_double bt_bb_animation_fade_in animate\" style=\"; --column-width:6;\" data-width=\"6\" data-bt-override-class=\"{&quot;bt_bb_align_&quot;:{&quot;current_class&quot;:&quot;bt_bb_align_left&quot;,&quot;xxl&quot;:&quot;left&quot;,&quot;xl&quot;:&quot;left&quot;}}\"><div class=\"bt_bb_column_content\"><div class=\"bt_bb_column_content_inner\"><div class=\"bt_bb_separator bt_bb_border_style_none bt_bb_bottom_spacing_medium bt_bb_hidden_xs bt_bb_hidden_ms bt_bb_hidden_sm\" data-bt-override-class=\"null\"><\/div><header class=\"bt_bb_headline bt_bb_dash_none bt_bb_size_extralarge bt_bb_align_inherit\" data-bt-override-class=\"{&quot;bt_bb_size_&quot;:{&quot;current_class&quot;:&quot;bt_bb_size_extralarge&quot;,&quot;xxl&quot;:&quot;extralarge&quot;,&quot;xl&quot;:&quot;extralarge&quot;},&quot;bt_bb_align_&quot;:{&quot;current_class&quot;:&quot;bt_bb_align_inherit&quot;,&quot;xxl&quot;:&quot;inherit&quot;,&quot;xl&quot;:&quot;inherit&quot;}}\"><h2 class=\"bt_bb_headline_tag\"><span class=\"bt_bb_headline_content\"><span>Cen\u00edk<\/span><\/span><\/h2><\/header><div class=\"bt_bb_separator bt_bb_border_style_none bt_bb_bottom_spacing_large\" data-bt-override-class=\"null\"><\/div><\/div><\/div><\/div><div  class=\"bt_bb_column col-xxl-6 col-xl-6 col-xs-12 col-sm-1 col-md-4 col-lg-6 bt_bb_vertical_align_top bt_bb_align_left bt_bb_padding_normal\" style=\"; --column-width:6;\" data-width=\"6\" data-bt-override-class=\"{}\"><div class=\"bt_bb_column_content\"><div class=\"bt_bb_column_content_inner\"><\/div><\/div><\/div><\/div><\/div><\/div><!-- cell_inner --><\/div><!-- cell --><\/div><!-- port --><div class=\"bt_bb_section_bottom_section_coverage_image\"><img decoding=\"async\" src=\"https:\/\/koucovani-terapie.cz\/cs\/wp-content\/uploads\/2021\/08\/white_bottom_wave_01.png\" alt=\"bt_bb_section_bottom_section_coverage_image\" \/><\/div><\/section><section id=\"bt_bb_section69e32329edabb\" class=\"bt_bb_section bt_bb_layout_boxed_1200 bt_bb_vertical_align_top bt_bb_bottom_section_coverage_image bt_bb_section_with_bottom_coverage_image bt_bb_top_spacing_medium bt_bb_bottom_spacing_medium\"  data-bt-override-class=\"null\"><div class=\"bt_bb_port\"><div class=\"bt_bb_cell\"><div class=\"bt_bb_cell_inner\"><div class=\"bt_bb_row \"  data-bt-override-class=\"{}\"><div class=\"bt_bb_row_holder\" ><div  class=\"bt_bb_column col-xxl-4 col-xl-4 bt_bb_vertical_align_top bt_bb_align_center bt_bb_padding_normal bt_bb_animation_fade_in animate\" style=\"; --column-width:4;\" data-width=\"4\" data-bt-override-class=\"{}\"><div class=\"bt_bb_column_content\"><div class=\"bt_bb_column_content_inner\"><div data-bb-version=\"5.2.6\" class=\"bt_bb_price_list bt_bb_currency_position_left\"><div class=\"bt_bb_price_list_title\">Individu\u00e1ln\u00ed konzultace<\/div><div class=\"bt_bb_price_list_subtitle\"><\/div><div class=\"bt_bb_price_list_price\"><span class=\"bt_bb_price_list_currency\">K\u010d<\/span><span class=\"bt_bb_price_list_amount\">1000-1500<\/span><\/div><ul><li>50 minut<\/li><\/ul><\/div><div class=\"bt_bb_separator bt_bb_border_style_none bt_bb_bottom_spacing_normal\" data-bt-override-class=\"null\"><\/div><\/div><\/div><\/div><div  class=\"bt_bb_column col-xxl-4 col-xl-4 bt_bb_vertical_align_top bt_bb_align_center bt_bb_padding_normal bt_bb_animation_fade_in animate\" style=\"; --column-width:4;\" data-width=\"4\" data-bt-override-class=\"{&quot;bt_bb_align_&quot;:{&quot;current_class&quot;:&quot;bt_bb_align_center&quot;,&quot;xxl&quot;:&quot;center&quot;,&quot;xl&quot;:&quot;center&quot;}}\"><div class=\"bt_bb_column_content\"><div class=\"bt_bb_column_content_inner\"><div data-bb-version=\"5.2.6\" class=\"bt_bb_price_list bt_bb_currency_position_left\"><div class=\"bt_bb_price_list_title\">P\u00e1rov\u00e1 \/ rodinn\u00e1 konzultace<\/div><div class=\"bt_bb_price_list_subtitle\"><\/div><div class=\"bt_bb_price_list_price\"><span class=\"bt_bb_price_list_currency\">K\u010d<\/span><span class=\"bt_bb_price_list_amount\">2500<\/span><\/div><ul><li>60 minut<\/li><\/ul><\/div><\/div><\/div><\/div><div  class=\"bt_bb_column col-xxl-4 col-xl-4 bt_bb_vertical_align_top bt_bb_align_center bt_bb_padding_normal bt_bb_animation_fade_in animate\" style=\"; --column-width:4;\" data-width=\"4\" data-bt-override-class=\"{}\"><div class=\"bt_bb_column_content\"><div class=\"bt_bb_column_content_inner\"><div data-bb-version=\"5.2.6\" class=\"bt_bb_price_list bt_bb_color_scheme_8 bt_bb_currency_position_left\" style=\"; --primary-color:var(--alternate-color); --secondary-color:#ffffff;\"><div class=\"bt_bb_price_list_title\">Vystaven\u00ed potvrzen\u00ed<\/div><div class=\"bt_bb_price_list_subtitle\"><\/div><div class=\"bt_bb_price_list_price\"><span class=\"bt_bb_price_list_currency\">K\u010d<\/span><span class=\"bt_bb_price_list_amount\">500<\/span><\/div><\/div><div class=\"bt_bb_separator bt_bb_border_style_none bt_bb_bottom_spacing_medium\" data-bt-override-class=\"null\"><\/div><\/div><\/div><\/div><\/div><\/div><div class=\"bt_bb_row \"  data-bt-override-class=\"{}\"><div class=\"bt_bb_row_holder\" ><div data-bb-version=\"5.2.6\"  class=\"bt_bb_column col-xxl-12 col-xl-12 col-xs-12 col-sm-12 col-md-12 col-lg-12 bt_bb_vertical_align_middle bt_bb_align_left bt_bb_padding_normal\" style=\"; --column-width:12;\" data-width=\"12\" data-bt-override-class=\"{}\"><div class=\"bt_bb_column_content\"><div class=\"bt_bb_column_content_inner\"><div data-bb-version=\"5.2.6\" class=\" bt_bb_row_inner\"   data-bt-override-class=\"{}\"><div class=\"bt_bb_row_inner_holder\"  ><\/div><\/div><div data-bb-version=\"5.2.6\"  class=\"bt_bb_text\" ><\/p>\n<p>Storno poplatek je \u00fa\u010dtov\u00e1n p\u0159i zru\u0161en\u00ed \u010di nedostaven\u00ed se na objednanou konzultaci a \u010din\u00ed:<br \/>\n&#8211; v den konzultace 100% ceny<br \/>\n&#8211; den p\u0159ed term\u00ednem konzultace 50% ceny<br \/>\nZru\u0161\u00edte-li konzultaci d\u0159\u00edve, aby Va\u0161e m\u00edsto mohlo b\u00fdt obsazeno jin\u00fdm klientem, nen\u00ed storno poplatek \u00fa\u010dtov\u00e1n.<\/p>\n<p>\n<\/div><\/div><\/div><\/div><\/div><\/div><\/div><!-- cell_inner --><\/div><!-- cell --><\/div><!-- port --><div class=\"bt_bb_section_bottom_section_coverage_image\"><img decoding=\"async\" src=\"https:\/\/koucovani-terapie.cz\/cs\/wp-content\/uploads\/2021\/08\/blue_bottom_wave_01.png\" alt=\"bt_bb_section_bottom_section_coverage_image\" \/><\/div><\/section><\/p>\n","protected":false},"excerpt":{"rendered":"","protected":false},"author":2,"featured_media":0,"parent":0,"menu_order":0,"comment_status":"closed","ping_status":"closed","template":"","meta":{"footnotes":""},"class_list":["post-1345","page","type-page","status-publish","hentry"],"_links":{"self":[{"href":"https:\/\/koucovani-terapie.cz\/cs\/wp-json\/wp\/v2\/pages\/1345","targetHints":{"allow":["GET"]}}],"collection":[{"href":"https:\/\/koucovani-terapie.cz\/cs\/wp-json\/wp\/v2\/pages"}],"about":[{"href":"https:\/\/koucovani-terapie.cz\/cs\/wp-json\/wp\/v2\/types\/page"}],"author":[{"embeddable":true,"href":"https:\/\/koucovani-terapie.cz\/cs\/wp-json\/wp\/v2\/users\/2"}],"replies":[{"embeddable":true,"href":"https:\/\/koucovani-terapie.cz\/cs\/wp-json\/wp\/v2\/comments?post=1345"}],"version-history":[{"count":10,"href":"https:\/\/koucovani-terapie.cz\/cs\/wp-json\/wp\/v2\/pages\/1345\/revisions"}],"predecessor-version":[{"id":3149,"href":"https:\/\/koucovani-terapie.cz\/cs\/wp-json\/wp\/v2\/pages\/1345\/revisions\/3149"}],"wp:attachment":[{"href":"https:\/\/koucovani-terapie.cz\/cs\/wp-json\/wp\/v2\/media?parent=1345"}],"curies":[{"name":"wp","href":"https:\/\/api.w.org\/{rel}","templated":true}]}}